{"id":510,"date":"2026-05-06T11:00:18","date_gmt":"2026-05-06T11:00:18","guid":{"rendered":"https:\/\/yourhomemall.shop\/?page_id=510"},"modified":"2026-05-08T15:33:59","modified_gmt":"2026-05-08T15:33:59","slug":"all-departments","status":"publish","type":"page","link":"https:\/\/yourhomemall.shop\/pl\/all-departments\/","title":{"rendered":"Wszystkie dzia\u0142y"},"content":{"rendered":"<div data-elementor-type=\"wp-page\" data-elementor-id=\"510\" class=\"elementor elementor-510\" data-elementor-post-type=\"page\">\n\t\t\t\t<div class=\"elementor-element elementor-element-03ff28b e-flex e-con-boxed e-con e-parent\" data-id=\"03ff28b\" data-element_type=\"container\" data-e-type=\"container\" data-settings=\"{&quot;ekit_has_onepagescroll_dot&quot;:&quot;yes&quot;}\">\n\t\t\t\t\t<div class=\"e-con-inner\">\n\t\t\t\t<div class=\"elementor-element elementor-element-960be5c elementor-widget elementor-widget-html\" data-id=\"960be5c\" data-element_type=\"widget\" data-e-type=\"widget\" data-settings=\"{&quot;ekit_we_effect_on&quot;:&quot;none&quot;}\" data-widget_type=\"html.default\">\n\t\t\t\t\t<!doctype html>\r\n<html lang=\"en\">\r\n<head>\r\n  <meta charset=\"UTF-8\">\r\n  <meta name=\"viewport\" content=\"width=device-width, initial-scale=1.0\">\r\n  <title>About SparkNest \u00b7 SparkNest<\/title>\r\n  <link rel=\"stylesheet\" href=\"..\/pages\/page.css\">\r\n  <link rel=\"stylesheet\" href=\"https:\/\/cdnjs.cloudflare.com\/ajax\/libs\/font-awesome\/6.0.0\/css\/all.min.css\">\r\n<\/head>\r\n<body class=\"wf-body\">\r\n  <main class=\"wf-main wf-main--wide\">\r\n    <div class=\"wf-page-heading\">\r\n      <h1>O FINEDWEBING<\/h1>\r\n      <p class=\"page-lead\">Wielka rado\u015b\u0107. Wi\u0119ksze promocje. Dostarczamy u\u015bmiechy od 2024 roku.<\/p>\r\n    <\/div>\r\n    <section class=\"layout-about-hero\" aria-labelledby=\"about-welcome-heading\">\r\n      <div>\r\n        <h2 class=\"layout-about-hero__title\" id=\"about-welcome-heading\">Witamy w FINEDWEBING<\/h2>\r\n        <div class=\"layout-about-hero__body\">\r\n          <p>\r\n            W FINEDWEBING wierzymy, \u017ce zakupy powinny by\u0107 do\u015bwiadczeniem pe\u0142nym rado\u015bci i odkry\u0107.\r\n            Nasz\u0105 misj\u0105, za\u0142o\u017con\u0105 w 2024 roku, jest wyselekcjonowanie najlepszych produkt\u00f3w lifestyle'owych, papierniczych i domowych w cenach, kt\u00f3re wywo\u0142uj\u0105 u\u015bmiech na twarzy.\r\n            cenach, kt\u00f3re wywo\u0142uj\u0105 u\u015bmiech na twarzy.\r\n          <\/p>\r\n          <p>\r\n            Wsp\u00f3\u0142pracujemy bezpo\u015brednio z innowacyjnymi markami i projektantami, aby zapewni\u0107 Ci ekskluzywne \u201ccollab drops\u201d i\r\n            cotygodniowe oferty, kt\u00f3rych nie znajdziesz nigdzie indziej. Nasze wyselekcjonowane dzia\u0142y zosta\u0142y zaprojektowane, aby pom\u00f3c Ci\r\n            znale\u017a\u0107 dok\u0142adnie to, czego potrzebujesz.\r\n          <\/p>\r\n        <\/div>\r\n        <div class=\"page-actions\">\r\n\r\n\r\n        <\/div>\r\n      <\/div>\r\n      <div class=\"layout-about-hero__media\">\r\n        <img loading=\"lazy\" decoding=\"async\"\r\n          src=\"https:\/\/images.unsplash.com\/photo-1522202176988-66273c2fd55f?auto=format&amp;fit=crop&amp;w=900&amp;q=80\"\r\n          width=\"900\"\r\n          height=\"675\"\r\n          alt=\"Team collaborating at a table with laptops\">\r\n      <\/div>\r\n    <\/section>\r\n\r\n    <section class=\"page-panel\" aria-labelledby=\"about-values-heading\">\r\n      <h2 class=\"layout-about-panel-title\" id=\"about-values-heading\">Nasze podstawowe warto\u015bci<\/h2>\r\n      <p class=\"layout-about-panel-lead\">Filary, kt\u00f3re wspieraj\u0105 wszystko, co budujemy.<\/p>\r\n      <div class=\"layout-about-values\">\r\n        <div class=\"layout-about-value\">\r\n          <div class=\"layout-about-value__icon\" aria-hidden=\"true\"><i class=\"fas fa-heart\"><\/i><\/div>\r\n          <h3>Jako\u015b\u0107 przede wszystkim<\/h3>\r\n          <p>\r\n            Ka\u017cdy produkt w naszym FINEDWEBING jest r\u0119cznie wybierany pod k\u0105tem jako\u015bci i trwa\u0142o\u015bci. Nie sprzedajemy niczego, czego\r\n            czego sami by\u015bmy nie u\u017cywali.\r\n          <\/p>\r\n        <\/div>\r\n        <div class=\"layout-about-value\">\r\n          <div class=\"layout-about-value__icon\" aria-hidden=\"true\"><i class=\"fas fa-bolt\"><\/i><\/div>\r\n          <h3>Szybko\u015b\u0107 i obs\u0142uga<\/h3>\r\n          <p>\r\n            Szybka dostawa to nasza obietnica. D\u0105\u017cymy do tego, aby finedwebing dotar\u0142 do Twoich drzwi w ci\u0105gu 2-3 dni roboczych\r\n            na terenie ca\u0142ego kraju.\r\n          <\/p>\r\n        <\/div>\r\n        <div class=\"layout-about-value\">\r\n          <div class=\"layout-about-value__icon\" aria-hidden=\"true\"><i class=\"fas fa-users\"><\/i><\/div>\r\n          <h3>Kierowane przez spo\u0142eczno\u015b\u0107<\/h3>\r\n          <p>\r\n            Nasi klienci s\u0105 dla nas najwi\u0119ksz\u0105 inspiracj\u0105. S\u0142uchamy, dostosowujemy si\u0119 i rozwijamy w oparciu o ich cenne opinie.\r\n            opinie.\r\n          <\/p>\r\n        <\/div>\r\n      <\/div>\r\n    <\/section>\r\n\r\n    <section class=\"layout-about-cta\" aria-labelledby=\"about-cta-heading\">\r\n      <h2 id=\"about-cta-heading\">Gotowy, by znale\u017a\u0107 swoj\u0105 ulubion\u0105 rzecz?<\/h2>\r\n      <p>\r\n        Do\u0142\u0105cz do tysi\u0119cy kupuj\u0105cych o wysokiej cz\u0119stotliwo\u015bci, kt\u00f3rzy ufaj\u0105 FINEDWEBING w codziennych potrzebach.\r\n      <\/p>\r\n      <div class=\"page-actions\">\r\n\r\n      <\/div>\r\n    <\/section>\r\n  <\/main>\r\n<\/body>\r\n<\/html>\r\n\t\t\t\t<\/div>\n\t\t\t\t\t<\/div>\n\t\t\t\t<\/div>\n\t\t\t\t<\/div>","protected":false},"excerpt":{"rendered":"<p>About SparkNest \u00b7 SparkNest About FINEDWEBING Big joy. Bigger promos. Delivering smiles since 2024. Welcome to the FINEDWEBING At FINEDWEBING, we believe that shopping should be an experience filled with joy and discovery. Founded in 2024, our mission is to curate the best lifestyle, stationery, and home essentials at prices that make you smile. We [&hellip;]<\/p>\n","protected":false},"author":1,"featured_media":0,"parent":0,"menu_order":0,"comment_status":"closed","ping_status":"closed","template":"","meta":{"_acf_changed":false,"footnotes":""},"class_list":["post-510","page","type-page","status-publish","hentry"],"acf":[],"_hostinger_reach_plugin_has_subscription_block":false,"_hostinger_reach_plugin_is_elementor":false,"_links":{"self":[{"href":"https:\/\/yourhomemall.shop\/pl\/wp-json\/wp\/v2\/pages\/510","targetHints":{"allow":["GET"]}}],"collection":[{"href":"https:\/\/yourhomemall.shop\/pl\/wp-json\/wp\/v2\/pages"}],"about":[{"href":"https:\/\/yourhomemall.shop\/pl\/wp-json\/wp\/v2\/types\/page"}],"author":[{"embeddable":true,"href":"https:\/\/yourhomemall.shop\/pl\/wp-json\/wp\/v2\/users\/1"}],"replies":[{"embeddable":true,"href":"https:\/\/yourhomemall.shop\/pl\/wp-json\/wp\/v2\/comments?post=510"}],"version-history":[{"count":37,"href":"https:\/\/yourhomemall.shop\/pl\/wp-json\/wp\/v2\/pages\/510\/revisions"}],"predecessor-version":[{"id":1101,"href":"https:\/\/yourhomemall.shop\/pl\/wp-json\/wp\/v2\/pages\/510\/revisions\/1101"}],"wp:attachment":[{"href":"https:\/\/yourhomemall.shop\/pl\/wp-json\/wp\/v2\/media?parent=510"}],"curies":[{"name":"wp","href":"https:\/\/api.w.org\/{rel}","templated":true}]}}