{"id":248,"date":"2026-05-04T16:14:42","date_gmt":"2026-05-04T16:14:42","guid":{"rendered":"https:\/\/yourhomemall.shop\/product\/fullstar-the-original-pro-chopper\/"},"modified":"2026-05-04T16:14:42","modified_gmt":"2026-05-04T16:14:42","slug":"fullstar-the-original-pro-chopper","status":"publish","type":"product","link":"https:\/\/yourhomemall.shop\/pl\/produkt\/fullstar-the-original-pro-chopper\/","title":{"rendered":"Fullstar The Original Pro Chopper"},"content":{"rendered":"<p>Wszechstronny rozdrabniacz i spiralizer do warzyw 4 w 1 zaprojektowany z my\u015bl\u0105 o oszcz\u0119dno\u015bci czasu w kuchni. Zawiera ostrza ze stali nierdzewnej do siekania, krojenia w kostk\u0119 i plasterki, a tak\u017ce wygodny pojemnik do zbierania.<\/p>","protected":false},"excerpt":{"rendered":"<p>Efficient 4-in-1 kitchen tool for chopping, dicing, and spiralizing vegetables.<\/p>","protected":false},"featured_media":247,"comment_status":"open","ping_status":"closed","template":"","meta":{"_acf_changed":false},"product_brand":[],"product_cat":[38],"product_tag":[],"class_list":{"0":"post-248","1":"product","2":"type-product","3":"status-publish","4":"has-post-thumbnail","6":"product_cat-kitchen","8":"first","9":"instock","10":"shipping-taxable","11":"purchasable","12":"product-type-simple"},"acf":[],"_links":{"self":[{"href":"https:\/\/yourhomemall.shop\/pl\/wp-json\/wp\/v2\/product\/248","targetHints":{"allow":["GET"]}}],"collection":[{"href":"https:\/\/yourhomemall.shop\/pl\/wp-json\/wp\/v2\/product"}],"about":[{"href":"https:\/\/yourhomemall.shop\/pl\/wp-json\/wp\/v2\/types\/product"}],"replies":[{"embeddable":true,"href":"https:\/\/yourhomemall.shop\/pl\/wp-json\/wp\/v2\/comments?post=248"}],"version-history":[{"count":0,"href":"https:\/\/yourhomemall.shop\/pl\/wp-json\/wp\/v2\/product\/248\/revisions"}],"wp:featuredmedia":[{"embeddable":true,"href":"https:\/\/yourhomemall.shop\/pl\/wp-json\/wp\/v2\/media\/247"}],"wp:attachment":[{"href":"https:\/\/yourhomemall.shop\/pl\/wp-json\/wp\/v2\/media?parent=248"}],"wp:term":[{"taxonomy":"product_brand","embeddable":true,"href":"https:\/\/yourhomemall.shop\/pl\/wp-json\/wp\/v2\/product_brand?post=248"},{"taxonomy":"product_cat","embeddable":true,"href":"https:\/\/yourhomemall.shop\/pl\/wp-json\/wp\/v2\/product_cat?post=248"},{"taxonomy":"product_tag","embeddable":true,"href":"https:\/\/yourhomemall.shop\/pl\/wp-json\/wp\/v2\/product_tag?post=248"}],"curies":[{"name":"wp","href":"https:\/\/api.w.org\/{rel}","templated":true}]}}