{"id":270,"date":"2026-05-04T16:14:50","date_gmt":"2026-05-04T16:14:50","guid":{"rendered":"https:\/\/yourhomemall.shop\/product\/zevo-flying-insect-trap-official-refill-cartridges-4-pack\/"},"modified":"2026-05-04T16:14:50","modified_gmt":"2026-05-04T16:14:50","slug":"zevo-flying-insect-trap-official-refill-cartridges-4-pack","status":"publish","type":"product","link":"https:\/\/yourhomemall.shop\/pl\/produkt\/zevo-flying-insect-trap-official-refill-cartridges-4-pack\/","title":{"rendered":"Oficjalne wk\u0142ady uzupe\u0142niaj\u0105ce do pu\u0142apki na owady lataj\u0105ce Zevo - opakowanie 4 szt."},"content":{"rendered":"<ul>\n<li>DESIGNED FOR ZEVO DEVICES: Fits both MAX and standard traps.<\/li>\n<\/ul>","protected":false},"excerpt":{"rendered":"<p>Designed for Zevo Devices &#8211; Refill for indoor fly traps.<\/p>","protected":false},"featured_media":269,"comment_status":"open","ping_status":"closed","template":"","meta":{"_acf_changed":false},"product_brand":[],"product_cat":[45],"product_tag":[],"class_list":{"0":"post-270","1":"product","2":"type-product","3":"status-publish","4":"has-post-thumbnail","6":"product_cat-seasonal","8":"first","9":"instock","10":"shipping-taxable","11":"purchasable","12":"product-type-simple"},"acf":[],"_links":{"self":[{"href":"https:\/\/yourhomemall.shop\/pl\/wp-json\/wp\/v2\/product\/270","targetHints":{"allow":["GET"]}}],"collection":[{"href":"https:\/\/yourhomemall.shop\/pl\/wp-json\/wp\/v2\/product"}],"about":[{"href":"https:\/\/yourhomemall.shop\/pl\/wp-json\/wp\/v2\/types\/product"}],"replies":[{"embeddable":true,"href":"https:\/\/yourhomemall.shop\/pl\/wp-json\/wp\/v2\/comments?post=270"}],"version-history":[{"count":0,"href":"https:\/\/yourhomemall.shop\/pl\/wp-json\/wp\/v2\/product\/270\/revisions"}],"wp:featuredmedia":[{"embeddable":true,"href":"https:\/\/yourhomemall.shop\/pl\/wp-json\/wp\/v2\/media\/269"}],"wp:attachment":[{"href":"https:\/\/yourhomemall.shop\/pl\/wp-json\/wp\/v2\/media?parent=270"}],"wp:term":[{"taxonomy":"product_brand","embeddable":true,"href":"https:\/\/yourhomemall.shop\/pl\/wp-json\/wp\/v2\/product_brand?post=270"},{"taxonomy":"product_cat","embeddable":true,"href":"https:\/\/yourhomemall.shop\/pl\/wp-json\/wp\/v2\/product_cat?post=270"},{"taxonomy":"product_tag","embeddable":true,"href":"https:\/\/yourhomemall.shop\/pl\/wp-json\/wp\/v2\/product_tag?post=270"}],"curies":[{"name":"wp","href":"https:\/\/api.w.org\/{rel}","templated":true}]}}