{"id":284,"date":"2026-05-04T16:14:52","date_gmt":"2026-05-04T16:14:52","guid":{"rendered":"https:\/\/yourhomemall.shop\/product\/amazon-basics-neoprene-dumbbell-hand-weights\/"},"modified":"2026-05-04T16:14:52","modified_gmt":"2026-05-04T16:14:52","slug":"amazon-basics-neoprene-dumbbell-hand-weights","status":"publish","type":"product","link":"https:\/\/yourhomemall.shop\/pl\/produkt\/amazon-basics-neoprene-dumbbell-hand-weights\/","title":{"rendered":"Hantle neoprenowe Amazon Basics z obci\u0105\u017cnikami do r\u0105k"},"content":{"rendered":"<ul>\n<li>ZESTAW 2: Idealny do \u0107wicze\u0144 i treningu si\u0142owego.<\/li>\n<\/ul>","protected":false},"excerpt":{"rendered":"<p>3 pound dumbbell set with a non-slip neoprene texture.<\/p>","protected":false},"featured_media":283,"comment_status":"open","ping_status":"closed","template":"","meta":{"_acf_changed":false},"product_brand":[],"product_cat":[49],"product_tag":[],"class_list":{"0":"post-284","1":"product","2":"type-product","3":"status-publish","4":"has-post-thumbnail","6":"product_cat-fitness","8":"first","9":"instock","10":"shipping-taxable","11":"purchasable","12":"product-type-simple"},"acf":[],"_links":{"self":[{"href":"https:\/\/yourhomemall.shop\/pl\/wp-json\/wp\/v2\/product\/284","targetHints":{"allow":["GET"]}}],"collection":[{"href":"https:\/\/yourhomemall.shop\/pl\/wp-json\/wp\/v2\/product"}],"about":[{"href":"https:\/\/yourhomemall.shop\/pl\/wp-json\/wp\/v2\/types\/product"}],"replies":[{"embeddable":true,"href":"https:\/\/yourhomemall.shop\/pl\/wp-json\/wp\/v2\/comments?post=284"}],"version-history":[{"count":0,"href":"https:\/\/yourhomemall.shop\/pl\/wp-json\/wp\/v2\/product\/284\/revisions"}],"wp:featuredmedia":[{"embeddable":true,"href":"https:\/\/yourhomemall.shop\/pl\/wp-json\/wp\/v2\/media\/283"}],"wp:attachment":[{"href":"https:\/\/yourhomemall.shop\/pl\/wp-json\/wp\/v2\/media?parent=284"}],"wp:term":[{"taxonomy":"product_brand","embeddable":true,"href":"https:\/\/yourhomemall.shop\/pl\/wp-json\/wp\/v2\/product_brand?post=284"},{"taxonomy":"product_cat","embeddable":true,"href":"https:\/\/yourhomemall.shop\/pl\/wp-json\/wp\/v2\/product_cat?post=284"},{"taxonomy":"product_tag","embeddable":true,"href":"https:\/\/yourhomemall.shop\/pl\/wp-json\/wp\/v2\/product_tag?post=284"}],"curies":[{"name":"wp","href":"https:\/\/api.w.org\/{rel}","templated":true}]}}